{"id":137,"date":"2018-05-21T21:59:55","date_gmt":"2018-05-21T21:59:55","guid":{"rendered":"http:\/\/www.lugardelsol.org.ar\/?page_id=137"},"modified":"2018-05-21T21:59:55","modified_gmt":"2018-05-21T21:59:55","slug":"juegos-y-tecnicas-recreativas","status":"publish","type":"page","link":"https:\/\/www.lugardelsol.org.ar\/index.php\/juegos-y-tecnicas-recreativas\/","title":{"rendered":"Juegos y t\u00e9cnicas recreativas"},"content":{"rendered":"<p><img loading=\"lazy\" decoding=\"async\" class=\"alignnone size-full wp-image-138\" src=\"http:\/\/www.lugardelsol.org.ar\/wp-content\/uploads\/2018\/05\/r18-1.jpg\" alt=\"\" width=\"640\" height=\"480\" srcset=\"https:\/\/www.lugardelsol.org.ar\/wp-content\/uploads\/2018\/05\/r18-1.jpg 640w, https:\/\/www.lugardelsol.org.ar\/wp-content\/uploads\/2018\/05\/r18-1-300x225.jpg 300w, https:\/\/www.lugardelsol.org.ar\/wp-content\/uploads\/2018\/05\/r18-1-326x245.jpg 326w, https:\/\/www.lugardelsol.org.ar\/wp-content\/uploads\/2018\/05\/r18-1-80x60.jpg 80w\" sizes=\"(max-width: 640px) 100vw, 640px\" \/><\/p>\n<p><strong>1- \u00bfQu\u00e9 hay que tener en cuenta en un juego?<\/strong><\/p>\n<ol>\n<li>Todo juego debe tener un nombre.<\/li>\n<li>Todo juego debe tener una regla.<\/li>\n<li>Todo juego debe tener un claro inicio y un final.<\/li>\n<li>En todo juego hay que tener en cuenta el espacio. Ej. patio grande, lugar abierto, lugar techado, etc.<\/li>\n<li>En todo juego, el coordinador debe aplicar t\u00e9cnicas especiales para agrupar a los jugadores. Ejemplo de t\u00e9cnicas: Agrupar por colores- Agrupar por animales iguales- Agrupar por n\u00fameros iguales.<\/li>\n<li>En algunos juegos pueden emplearse prendas para el o los perdedores. Estas deben ser aplicadas sin exigencias, sin burlas, en el marco de la alegr\u00eda.<\/li>\n<li>Todo juego se mata antes de que muera.<\/li>\n<\/ol>\n<p>Los juegos deben adaptarse a las diferentes edades:<\/p>\n<p>3 a 8 a\u00f1os se realizan juegos masivos, estos son:<\/p>\n<ul>\n<li>Uno contra todos. Ej. mancha<\/li>\n<li>Todos contra uno. Ej: pisar la viborita<\/li>\n<li>Todos contra todos. Ej: juegos de broches<\/li>\n<li>8 en adelante se pueden dar juegos en equipo:<\/li>\n<li>Cualquier deporte en conjunto<\/li>\n<li>Poliladron<\/li>\n<li>Matasapo<\/li>\n<\/ul>\n<ol>\n<li>Antes del juego, el coordinador debe ubicarse de manera que el grupo de jugadores pueda verlo y escucharlo. (de frente al sol para que este no moleste a los jugadores)<\/li>\n<li>La voz juega un papel importante en la motivaci\u00f3n. Debe ser clara y buscar variantes de tonos.<\/li>\n<li>Las dudas que puedan tener los jugadores se responder\u00e1n cuando el coordinador haya terminado de explicar las reglas del juego por primera vez.<\/li>\n<li>El coordinador debe asegurarse de que todos los jugadores hayan entendido las reglas del juego.<\/li>\n<li>El coordinador deber\u00e1 tener en cuenta el material necesario para el juego (sogas, pelotas, aros, etc.)<\/li>\n<li>El material a utilizar no debe ser presentado antes de explicar los juegos, sino despu\u00e9s de asegurarse de que todos los jugadores hayan comprendido el mismo.<\/li>\n<\/ol>\n<p>&nbsp;<\/p>\n","protected":false},"excerpt":{"rendered":"<div class=\"mh-excerpt\"><p>1- \u00bfQu\u00e9 hay que tener en cuenta en un juego? Todo juego debe tener un nombre. Todo juego debe tener una regla. Todo juego debe tener un claro inicio y un final. En todo juego <a class=\"mh-excerpt-more\" href=\"https:\/\/www.lugardelsol.org.ar\/index.php\/juegos-y-tecnicas-recreativas\/\" title=\"Juegos y t\u00e9cnicas recreativas\">\u00a0<\/a><\/p>\n<\/div>","protected":false},"author":1,"featured_media":0,"parent":0,"menu_order":0,"comment_status":"closed","ping_status":"closed","template":"","meta":{"footnotes":""},"_links":{"self":[{"href":"https:\/\/www.lugardelsol.org.ar\/index.php\/wp-json\/wp\/v2\/pages\/137"}],"collection":[{"href":"https:\/\/www.lugardelsol.org.ar\/index.php\/wp-json\/wp\/v2\/pages"}],"about":[{"href":"https:\/\/www.lugardelsol.org.ar\/index.php\/wp-json\/wp\/v2\/types\/page"}],"author":[{"embeddable":true,"href":"https:\/\/www.lugardelsol.org.ar\/index.php\/wp-json\/wp\/v2\/users\/1"}],"replies":[{"embeddable":true,"href":"https:\/\/www.lugardelsol.org.ar\/index.php\/wp-json\/wp\/v2\/comments?post=137"}],"version-history":[{"count":1,"href":"https:\/\/www.lugardelsol.org.ar\/index.php\/wp-json\/wp\/v2\/pages\/137\/revisions"}],"predecessor-version":[{"id":139,"href":"https:\/\/www.lugardelsol.org.ar\/index.php\/wp-json\/wp\/v2\/pages\/137\/revisions\/139"}],"wp:attachment":[{"href":"https:\/\/www.lugardelsol.org.ar\/index.php\/wp-json\/wp\/v2\/media?parent=137"}],"curies":[{"name":"wp","href":"https:\/\/api.w.org\/{rel}","templated":true}]}}