{"id":158,"date":"2018-05-21T22:17:07","date_gmt":"2018-05-21T22:17:07","guid":{"rendered":"http:\/\/www.lugardelsol.org.ar\/?page_id=158"},"modified":"2018-05-21T22:18:08","modified_gmt":"2018-05-21T22:18:08","slug":"juego-de-aire-libre","status":"publish","type":"page","link":"https:\/\/www.lugardelsol.org.ar\/index.php\/juegos-y-tecnicas-recreativas\/juego-de-aire-libre\/","title":{"rendered":"Juego de aire libre"},"content":{"rendered":"<h3>Casa de la ballena<\/h3>\n<p><em>N\u00b0 de participantes: 8 a 20.<\/em><\/p>\n<p><em>Edades: 10 a 16 a\u00f1os.<\/em><\/p>\n<p><em>Duraci\u00f3n: intermedia.<\/em><\/p>\n<p><em>Material: dos botes o canoas con remos, un trozo grande de madera con una cabeza y una cola figurando de alguna manera las de la ballena y dos cuerdas.<\/em><\/p>\n<p><em>Incentiva: ingenio y fuerza f\u00edsica.<\/em><\/p>\n<p><strong><em>Organizaci\u00f3n<\/em><\/strong><\/p>\n<p>Se dividen los jugadores en dos equipos y cada uno se ubica con un bote a unos cien metros del animador que tendr\u00e1 la ballena.<\/p>\n<p><strong><em>Desarrollo<\/em><\/strong><\/p>\n<p>El animador lanza la ballena lo m\u00e1s lejos posible de la orilla y ambos equipos remar\u00e1n r\u00e1pidamente para capturarla. El primer arponero que llegue cerca de la ballena, lanza su arma (un lazo de cuerda) y el barco se retira arrastrando la presa. El segundo barco los persigue y arponea en cuanto puede, intentando a su vez llevarse la ballena. Los m\u00e1s fuertes ser\u00e1n quienes se la llevan, y a veces hasta el barco contrario.<\/p>\n<hr \/>\n<h3><strong>Ladrones en la selva<\/strong><\/h3>\n<p><em>N\u00b0 de participantes: 10 a 30.<\/em><\/p>\n<p><em>Edades: 8 a 12 a\u00f1os.<\/em><\/p>\n<p><em>Duraci\u00f3n: intermedia.<\/em><\/p>\n<p><em>Incentiva: agilidad e ingenio.<\/em><em>\u00a0<\/em><\/p>\n<p><strong><em>Organizaci\u00f3n<\/em><\/strong><\/p>\n<p>Cinco jugadores hacen de ladrones; los que quedan son los campesinos. Los campesinos tienen un refugio conocido, mientras que los ladrones tiene un escondite en un lugar ignorado por los campesinos. Los campesinos van a su refugio y los ladrones se ocultan en cualquier parte.<\/p>\n<p><strong><em>Desarrollo<\/em><\/strong><\/p>\n<p>A la se\u00f1al, los campesinos van y vienen por la selva gritando. No hay ladrones en la selva. En un momento oportuno, uno o varios ladrones se precipitan sobre los campesinos que deben salvarse corriendo a su refugio. Aquellos campesinos que son tocados se convierten en prisioneros, uno de los ladrones los lleva por caminos desconocidos, para despistar a los dem\u00e1s campesinos, hasta su escondite.<\/p>\n<p>Mientras los ladrones se vuelven a ocultar, los campesinos recomienzan su ir y venir, defini\u00e9ndose de los ladrones, deben esforzarse en descubrir su escondite y librar a los prisioneros. Si al recomenzar el juego por quinta vez, la mitad de los campesinos est\u00e1 prisionera, \u00e9stos han perdido.<\/p>\n<hr \/>\n<h3><strong>Contrabandistas<\/strong><\/h3>\n<p><em>N\u00b0 de participantes: 10 a 30.<\/em><\/p>\n<p><em>Edades: 10 a 16 a\u00f1os.<\/em><\/p>\n<p><em>Duraci\u00f3n: larga.<\/em><\/p>\n<p><em>Material: una canoa o bote y un objeto grande por jugador.<\/em><\/p>\n<p><em>Incentiva: ingenio y observaci\u00f3n.<\/em><\/p>\n","protected":false},"excerpt":{"rendered":"<div class=\"mh-excerpt\"><p>Casa de la ballena N\u00b0 de participantes: 8 a 20. Edades: 10 a 16 a\u00f1os. Duraci\u00f3n: intermedia. Material: dos botes o canoas con remos, un trozo grande de madera con una cabeza y una cola <a class=\"mh-excerpt-more\" href=\"https:\/\/www.lugardelsol.org.ar\/index.php\/juegos-y-tecnicas-recreativas\/juego-de-aire-libre\/\" title=\"Juego de aire libre\">\u00a0<\/a><\/p>\n<\/div>","protected":false},"author":1,"featured_media":0,"parent":137,"menu_order":0,"comment_status":"closed","ping_status":"closed","template":"","meta":{"footnotes":""},"_links":{"self":[{"href":"https:\/\/www.lugardelsol.org.ar\/index.php\/wp-json\/wp\/v2\/pages\/158"}],"collection":[{"href":"https:\/\/www.lugardelsol.org.ar\/index.php\/wp-json\/wp\/v2\/pages"}],"about":[{"href":"https:\/\/www.lugardelsol.org.ar\/index.php\/wp-json\/wp\/v2\/types\/page"}],"author":[{"embeddable":true,"href":"https:\/\/www.lugardelsol.org.ar\/index.php\/wp-json\/wp\/v2\/users\/1"}],"replies":[{"embeddable":true,"href":"https:\/\/www.lugardelsol.org.ar\/index.php\/wp-json\/wp\/v2\/comments?post=158"}],"version-history":[{"count":2,"href":"https:\/\/www.lugardelsol.org.ar\/index.php\/wp-json\/wp\/v2\/pages\/158\/revisions"}],"predecessor-version":[{"id":161,"href":"https:\/\/www.lugardelsol.org.ar\/index.php\/wp-json\/wp\/v2\/pages\/158\/revisions\/161"}],"up":[{"embeddable":true,"href":"https:\/\/www.lugardelsol.org.ar\/index.php\/wp-json\/wp\/v2\/pages\/137"}],"wp:attachment":[{"href":"https:\/\/www.lugardelsol.org.ar\/index.php\/wp-json\/wp\/v2\/media?parent=158"}],"curies":[{"name":"wp","href":"https:\/\/api.w.org\/{rel}","templated":true}]}}