{"id":169,"date":"2018-05-21T23:00:12","date_gmt":"2018-05-21T23:00:12","guid":{"rendered":"http:\/\/www.lugardelsol.org.ar\/?page_id=169"},"modified":"2020-09-08T15:03:44","modified_gmt":"2020-09-08T15:03:44","slug":"documentos","status":"publish","type":"page","link":"https:\/\/www.lugardelsol.org.ar\/index.php\/documentos\/","title":{"rendered":"Documentos"},"content":{"rendered":"<h3><a href=\"http:\/\/www.lugardelsol.org.ar\/index.php\/agenda\/\">Agenda Legislativa de las Organizaciones Sociales &#8211; Agenda Legislativa Ni\u00f1ez y Comunidad<\/a><\/h3>\n<h3>&nbsp;<\/h3>\n<h3>Plan 2009 &#8211; 2018 (y contin\u00faa)<\/h3>\n<p><a href=\"http:\/\/www.lugardelsol.org.ar\/wp-content\/uploads\/2018\/05\/plan-2009-2018.doc\"><img loading=\"lazy\" decoding=\"async\" class=\"alignnone size-full wp-image-103\" src=\"http:\/\/www.lugardelsol.org.ar\/wp-content\/uploads\/2018\/05\/DOC.png\" alt=\"\" width=\"48\" height=\"48\"><\/a><\/p>\n<hr>\n<h3>Nuestras huellas<\/h3>\n<p><a href=\"http:\/\/www.nuestrashuellas.org.ar\/\"><img loading=\"lazy\" decoding=\"async\" class=\"size-full wp-image-173 alignnone\" src=\"http:\/\/www.lugardelsol.org.ar\/wp-content\/uploads\/2018\/05\/Web.png\" alt=\"\" width=\"48\" height=\"48\"><\/a><\/p>\n<hr>\n<h3>Caracter\u00edsticas de las necesidades primordiales<br \/>\n<span style=\"color: #999999;\">Anton Makarenco<\/span><\/h3>\n<p><a href=\"http:\/\/www.lugardelsol.org.ar\/wp-content\/uploads\/2018\/05\/02necesidadesprim.doc\"><img loading=\"lazy\" decoding=\"async\" class=\"size-full wp-image-103 alignnone\" src=\"http:\/\/www.lugardelsol.org.ar\/wp-content\/uploads\/2018\/05\/DOC.png\" alt=\"\" width=\"48\" height=\"48\"><\/a><\/p>\n<hr>\n<h3>M\u00e1s dolor al dolor<br \/>\n<span style=\"color: #999999;\">Claudia Cesaroni<\/span><\/h3>\n<p><a href=\"http:\/\/la5tapatanet.blogspot.com.ar\/2009\/04\/mas-dolor-al-dolor-sistema-penal-para.html\"><img loading=\"lazy\" decoding=\"async\" class=\"size-full wp-image-173 alignnone\" src=\"http:\/\/www.lugardelsol.org.ar\/wp-content\/uploads\/2018\/05\/Web.png\" alt=\"\" width=\"48\" height=\"48\"><\/a><\/p>\n<hr>\n<h3>La planificaci\u00f3n<br \/>\n<span style=\"color: #999999;\">Ezequiel Ander Egg<\/span><\/h3>\n<p><a href=\"http:\/\/www.lugardelsol.org.ar\/wp-content\/uploads\/2018\/05\/04Introduccion-a-la-planificacio\u0301n-Ander-Egg-Ezequiel.pdf.pdf\"><img loading=\"lazy\" decoding=\"async\" class=\"alignnone wp-image-176 size-full\" src=\"http:\/\/www.lugardelsol.org.ar\/wp-content\/uploads\/2018\/05\/PDF.png\" alt=\"\" width=\"48\" height=\"48\"><\/a><\/p>\n<hr>\n<h3>Apuntes sobre planificaci\u00f3n estrat\u00e9gica<br \/>\n<span style=\"color: #999999;\">Claudia Bernazza<\/span><\/h3>\n<p><img loading=\"lazy\" decoding=\"async\" class=\"size-full wp-image-103 alignnone\" src=\"http:\/\/www.lugardelsol.org.ar\/wp-content\/uploads\/2018\/05\/DOC.png\" alt=\"\" width=\"48\" height=\"48\"><\/p>\n<hr>\n<h3>Nuevos paradigmas en pol\u00edticas de infancia, adolescencia y juventud din\u00e1micas grupales<br \/>\n<span style=\"color: #999999;\">Mar\u00eda Jos\u00e9 Aguilar<\/span><\/h3>\n<p><img loading=\"lazy\" decoding=\"async\" class=\"size-full wp-image-103 alignnone\" src=\"http:\/\/www.lugardelsol.org.ar\/wp-content\/uploads\/2018\/05\/DOC.png\" alt=\"\" width=\"48\" height=\"48\"><\/p>\n<hr>\n<h3>Grupos, organizaciones, redes sociales: una aproximaci\u00f3n a la interacci\u00f3n humana.<br \/>\n<span style=\"color: #999999;\">Claudia Bernazza<\/span><\/h3>\n<p><a href=\"http:\/\/www.lugardelsol.org.ar\/wp-content\/uploads\/2018\/05\/07gruposorgred.doc\"><img loading=\"lazy\" decoding=\"async\" class=\"size-full wp-image-103 alignnone\" src=\"http:\/\/www.lugardelsol.org.ar\/wp-content\/uploads\/2018\/05\/DOC.png\" alt=\"\" width=\"48\" height=\"48\"><\/a><\/p>\n<hr>\n<h3>Juegos y t\u00e9cnicas recreativas<\/h3>\n<p><a href=\"http:\/\/www.lugardelsol.org.ar\/wp-content\/uploads\/2018\/05\/08dinamicas_grupales.doc\"><img loading=\"lazy\" decoding=\"async\" class=\"size-full wp-image-103 alignnone\" src=\"http:\/\/www.lugardelsol.org.ar\/wp-content\/uploads\/2018\/05\/DOC.png\" alt=\"\" width=\"48\" height=\"48\"><\/a><\/p>\n<hr>\n<h3>Sistema pedag\u00f3gico de educaci\u00f3n no formal<\/h3>\n<p><a href=\"http:\/\/www.lugardelsol.org.ar\/wp-content\/uploads\/2018\/05\/09sistema_no_formal.ppt\"><img loading=\"lazy\" decoding=\"async\" class=\"size-full wp-image-175 alignnone\" src=\"http:\/\/www.lugardelsol.org.ar\/wp-content\/uploads\/2018\/05\/power-point.png\" alt=\"\" width=\"48\" height=\"48\"><\/a><\/p>\n<hr>\n<h3>Convenci\u00f3n de los derechos del ni\u00f1o<\/h3>\n<p><a href=\"http:\/\/www.lugardelsol.org.ar\/wp-content\/uploads\/2018\/05\/10conv-_derechos_nino.pdf\"><img loading=\"lazy\" decoding=\"async\" class=\"size-full wp-image-176 alignnone\" src=\"http:\/\/www.lugardelsol.org.ar\/wp-content\/uploads\/2018\/05\/PDF.png\" alt=\"\" width=\"48\" height=\"48\"><\/a><\/p>\n<hr>\n<h3>Ley 26061<br \/>\n<span style=\"color: #999999;\">Proteccion integral de los derechos de las ni\u00f1as, ni\u00f1os y adolescentes<\/span><\/h3>\n<p><a href=\"http:\/\/www.lugardelsol.org.ar\/wp-content\/uploads\/2018\/05\/11ley26061.doc\"><img loading=\"lazy\" decoding=\"async\" class=\"size-full wp-image-103 alignnone\" src=\"http:\/\/www.lugardelsol.org.ar\/wp-content\/uploads\/2018\/05\/DOC.png\" alt=\"\" width=\"48\" height=\"48\"><\/a><\/p>\n<hr>\n<h3>Ley 13298<br \/>\n<span style=\"color: #999999;\">Promoci\u00f3n y protecci\u00f3n integral de los derechos de los ni\u00f1os<\/span><\/h3>\n<p><a href=\"http:\/\/www.lugardelsol.org.ar\/wp-content\/uploads\/2018\/05\/12ley13298.pdf\"><img loading=\"lazy\" decoding=\"async\" class=\"size-full wp-image-176 alignnone\" src=\"http:\/\/www.lugardelsol.org.ar\/wp-content\/uploads\/2018\/05\/PDF.png\" alt=\"\" width=\"48\" height=\"48\"><\/a><\/p>\n<hr>\n<h3>Ley 13634<br \/>\n<span style=\"color: #999999;\">Principios generales del fuero de familia y del fuero penal del ni\u00f1o<\/span><\/h3>\n<p><a href=\"http:\/\/www.lugardelsol.org.ar\/wp-content\/uploads\/2018\/05\/13ley13634.doc\"><img loading=\"lazy\" decoding=\"async\" class=\"size-full wp-image-103 alignnone\" src=\"http:\/\/www.lugardelsol.org.ar\/wp-content\/uploads\/2018\/05\/DOC.png\" alt=\"\" width=\"48\" height=\"48\"><\/a><\/p>\n<hr>\n<h3>Decreto 300\/05<br \/>\n<span style=\"color: #999999;\">Promoci\u00f3n y protecci\u00f3n integral de los derechos de los ni\u00f1os<\/span><\/h3>\n<p><a href=\"http:\/\/www.lugardelsol.org.ar\/wp-content\/uploads\/2018\/05\/14decreto300_05.pdf\"><img loading=\"lazy\" decoding=\"async\" class=\"size-full wp-image-176 alignnone\" src=\"http:\/\/www.lugardelsol.org.ar\/wp-content\/uploads\/2018\/05\/PDF.png\" alt=\"\" width=\"48\" height=\"48\"><\/a><\/p>\n","protected":false},"excerpt":{"rendered":"<div class=\"mh-excerpt\"><p>Agenda Legislativa de las Organizaciones Sociales &#8211; Agenda Legislativa Ni\u00f1ez y Comunidad &nbsp; Plan 2009 &#8211; 2018 (y contin\u00faa) Nuestras huellas Caracter\u00edsticas de las necesidades primordiales Anton Makarenco M\u00e1s dolor al dolor Claudia Cesaroni La <a class=\"mh-excerpt-more\" href=\"https:\/\/www.lugardelsol.org.ar\/index.php\/documentos\/\" title=\"Documentos\">\u00a0<\/a><\/p>\n<\/div>","protected":false},"author":1,"featured_media":0,"parent":0,"menu_order":0,"comment_status":"closed","ping_status":"closed","template":"","meta":{"footnotes":""},"_links":{"self":[{"href":"https:\/\/www.lugardelsol.org.ar\/index.php\/wp-json\/wp\/v2\/pages\/169"}],"collection":[{"href":"https:\/\/www.lugardelsol.org.ar\/index.php\/wp-json\/wp\/v2\/pages"}],"about":[{"href":"https:\/\/www.lugardelsol.org.ar\/index.php\/wp-json\/wp\/v2\/types\/page"}],"author":[{"embeddable":true,"href":"https:\/\/www.lugardelsol.org.ar\/index.php\/wp-json\/wp\/v2\/users\/1"}],"replies":[{"embeddable":true,"href":"https:\/\/www.lugardelsol.org.ar\/index.php\/wp-json\/wp\/v2\/comments?post=169"}],"version-history":[{"count":14,"href":"https:\/\/www.lugardelsol.org.ar\/index.php\/wp-json\/wp\/v2\/pages\/169\/revisions"}],"predecessor-version":[{"id":518,"href":"https:\/\/www.lugardelsol.org.ar\/index.php\/wp-json\/wp\/v2\/pages\/169\/revisions\/518"}],"wp:attachment":[{"href":"https:\/\/www.lugardelsol.org.ar\/index.php\/wp-json\/wp\/v2\/media?parent=169"}],"curies":[{"name":"wp","href":"https:\/\/api.w.org\/{rel}","templated":true}]}}