{"id":39,"date":"2018-05-21T13:42:34","date_gmt":"2018-05-21T13:42:34","guid":{"rendered":"http:\/\/www.lugardelsol.org.ar\/?page_id=39"},"modified":"2018-05-22T02:00:34","modified_gmt":"2018-05-22T02:00:34","slug":"problema-y-estrategia-institucional","status":"publish","type":"page","link":"https:\/\/www.lugardelsol.org.ar\/index.php\/casa-del-nino-rucalhue\/problema-y-estrategia-institucional\/","title":{"rendered":"Estrategia"},"content":{"rendered":"<p>El barrio\u00a0<strong>La Colina<\/strong>, de Ranelagh, es un solar alrededor del cual crecieron barrios populares del distrito de Berazategui. Hacia el sudeste, se levanta la f\u00e1brica Sniafa, que dio lugar al barrio\u00a0<strong>Bustillo<\/strong>, formado por las familias de los trabajadores de dicha empresa. Su cierre, durante la dictadura militar, arrastr\u00f3 tras de s\u00ed el empobrecimiento zonal. A la vera del arroyo Conchitas, se erige el barrio\u00a0<strong>Santa Rosa<\/strong>, uno de los de m\u00e1s alto \u00edndice de mortalidad infantil del distrito, seg\u00fan una investigaci\u00f3n realizada en el a\u00f1o 1986 por la Escuela de Salud P\u00fablica de la Facultad de Medicina de la UBA; aguas arriba de dicho arroyo, se sit\u00faa el barrio\u00a0<strong>La Prosperidad<\/strong>, caracterizado como de alto riesgo por el municipio de Berazategui. En otros solares de la Colina, se levantan los monoblocks conocidos como\u00a0<strong>Barrio Luz<\/strong>, hacia donde confluyeron familias obreras de toda la zona sur del Gran Buenos Aires.<\/p>\n<p>Toda esta masa poblacional careci\u00f3 de la infraestructura urbana m\u00ednima durante mucho tiempo. Con el advenimieno de la democracia, las sociedades intermedias formadas en ellos fueron generando soluciones: escuela, salita de primeros auxilios, asfaltado, capilla. Pero todo result\u00f3 insuficiente para una demanda creciente y ante el empobrecimiento general sufrido por la zona.<\/p>\n<p>La Casa del Ni\u00f1o Rucalhu\u00e9 acompa\u00f1a, desde 1988, el esfuerzo de las familias de estos barrios en su af\u00e1n de construir una infancia digna para sus hijos. Frente a la alternativa de la calle, elegida por muchos chicos de la zona como salida a una situaci\u00f3n desesperante, Rucalhu\u00e9 se ha convertido en una opci\u00f3n posible: un espacio de referencia y contenci\u00f3n, que atende sus necesidades afectivas, de integraci\u00f3n social, educativas, alimentarias y sanitarias.<\/p>\n","protected":false},"excerpt":{"rendered":"<div class=\"mh-excerpt\"><p>El barrio\u00a0La Colina, de Ranelagh, es un solar alrededor del cual crecieron barrios populares del distrito de Berazategui. Hacia el sudeste, se levanta la f\u00e1brica Sniafa, que dio lugar al barrio\u00a0Bustillo, formado por las familias <a class=\"mh-excerpt-more\" href=\"https:\/\/www.lugardelsol.org.ar\/index.php\/casa-del-nino-rucalhue\/problema-y-estrategia-institucional\/\" title=\"Estrategia\">\u00a0<\/a><\/p>\n<\/div>","protected":false},"author":1,"featured_media":0,"parent":37,"menu_order":0,"comment_status":"closed","ping_status":"closed","template":"","meta":{"footnotes":""},"_links":{"self":[{"href":"https:\/\/www.lugardelsol.org.ar\/index.php\/wp-json\/wp\/v2\/pages\/39"}],"collection":[{"href":"https:\/\/www.lugardelsol.org.ar\/index.php\/wp-json\/wp\/v2\/pages"}],"about":[{"href":"https:\/\/www.lugardelsol.org.ar\/index.php\/wp-json\/wp\/v2\/types\/page"}],"author":[{"embeddable":true,"href":"https:\/\/www.lugardelsol.org.ar\/index.php\/wp-json\/wp\/v2\/users\/1"}],"replies":[{"embeddable":true,"href":"https:\/\/www.lugardelsol.org.ar\/index.php\/wp-json\/wp\/v2\/comments?post=39"}],"version-history":[{"count":3,"href":"https:\/\/www.lugardelsol.org.ar\/index.php\/wp-json\/wp\/v2\/pages\/39\/revisions"}],"predecessor-version":[{"id":77,"href":"https:\/\/www.lugardelsol.org.ar\/index.php\/wp-json\/wp\/v2\/pages\/39\/revisions\/77"}],"up":[{"embeddable":true,"href":"https:\/\/www.lugardelsol.org.ar\/index.php\/wp-json\/wp\/v2\/pages\/37"}],"wp:attachment":[{"href":"https:\/\/www.lugardelsol.org.ar\/index.php\/wp-json\/wp\/v2\/media?parent=39"}],"curies":[{"name":"wp","href":"https:\/\/api.w.org\/{rel}","templated":true}]}}