{"id":41,"date":"2018-05-21T13:43:35","date_gmt":"2018-05-21T13:43:35","guid":{"rendered":"http:\/\/www.lugardelsol.org.ar\/?page_id=41"},"modified":"2018-05-22T02:00:34","modified_gmt":"2018-05-22T02:00:34","slug":"objetivos-generales","status":"publish","type":"page","link":"https:\/\/www.lugardelsol.org.ar\/index.php\/casa-del-nino-rucalhue\/objetivos-generales\/","title":{"rendered":"Objetivos generales"},"content":{"rendered":"<ul>\n<li><em>Colaborar con las familias en el ejercicio del derecho a la mantenci\u00f3n y educaci\u00f3n de los hijos.<\/em><\/li>\n<li><em>Garantizar la atenci\u00f3n de ni\u00f1os que, por diversas razones, no pueden permanecer en sus hogares o con sus progenitores durante el d\u00eda.<\/em><\/li>\n<li><em>Generar un espacio de contenci\u00f3n de menores en situaci\u00f3n de riesgo, que sea una alternativa superadora de la propuesta impl\u00edcita en el espacio callejero.<\/em><\/li>\n<li><em>Restituir o reforzar en los ni\u00f1os sentimientos de pertenencia familiar y social, para la construcci\u00f3n de la identidad individual y colectiva.<\/em><\/li>\n<li><em>Formar integralmente a los ni\u00f1os, respetando valores, creencias y costumbres de la cultura de origen y de la comunidad de pertenencia.\u00a0<\/em><\/li>\n<li><em>Promover en los ni\u00f1os la creatividad y el esp\u00edritu cr\u00edtico.<\/em><\/li>\n<li><em>Acompa\u00f1ar a los ni\u00f1os en sus procesos de integraci\u00f3n social.<\/em><\/li>\n<li><em>Promover el fortalecimiento de los v\u00ednculos familiares.<\/em><\/li>\n<li><em>Acompa\u00f1ar procesos de organizaci\u00f3n comunitaria.\u00a0<\/em><\/li>\n<li><em>Acompa\u00f1ar propuestas de microemprendimientos que surjan de la propia comunidad.<\/em><\/li>\n<\/ul>\n","protected":false},"excerpt":{"rendered":"<div class=\"mh-excerpt\"><p>Colaborar con las familias en el ejercicio del derecho a la mantenci\u00f3n y educaci\u00f3n de los hijos. Garantizar la atenci\u00f3n de ni\u00f1os que, por diversas razones, no pueden permanecer en sus hogares o con sus <a class=\"mh-excerpt-more\" href=\"https:\/\/www.lugardelsol.org.ar\/index.php\/casa-del-nino-rucalhue\/objetivos-generales\/\" title=\"Objetivos generales\">\u00a0<\/a><\/p>\n<\/div>","protected":false},"author":1,"featured_media":0,"parent":37,"menu_order":0,"comment_status":"closed","ping_status":"closed","template":"","meta":{"footnotes":""},"_links":{"self":[{"href":"https:\/\/www.lugardelsol.org.ar\/index.php\/wp-json\/wp\/v2\/pages\/41"}],"collection":[{"href":"https:\/\/www.lugardelsol.org.ar\/index.php\/wp-json\/wp\/v2\/pages"}],"about":[{"href":"https:\/\/www.lugardelsol.org.ar\/index.php\/wp-json\/wp\/v2\/types\/page"}],"author":[{"embeddable":true,"href":"https:\/\/www.lugardelsol.org.ar\/index.php\/wp-json\/wp\/v2\/users\/1"}],"replies":[{"embeddable":true,"href":"https:\/\/www.lugardelsol.org.ar\/index.php\/wp-json\/wp\/v2\/comments?post=41"}],"version-history":[{"count":1,"href":"https:\/\/www.lugardelsol.org.ar\/index.php\/wp-json\/wp\/v2\/pages\/41\/revisions"}],"predecessor-version":[{"id":42,"href":"https:\/\/www.lugardelsol.org.ar\/index.php\/wp-json\/wp\/v2\/pages\/41\/revisions\/42"}],"up":[{"embeddable":true,"href":"https:\/\/www.lugardelsol.org.ar\/index.php\/wp-json\/wp\/v2\/pages\/37"}],"wp:attachment":[{"href":"https:\/\/www.lugardelsol.org.ar\/index.php\/wp-json\/wp\/v2\/media?parent=41"}],"curies":[{"name":"wp","href":"https:\/\/api.w.org\/{rel}","templated":true}]}}