{"id":440,"date":"2018-05-29T22:11:29","date_gmt":"2018-05-29T22:11:29","guid":{"rendered":"http:\/\/www.lugardelsol.org.ar\/?page_id=440"},"modified":"2026-05-13T17:24:29","modified_gmt":"2026-05-13T17:24:29","slug":"colabora","status":"publish","type":"page","link":"https:\/\/www.lugardelsol.org.ar\/index.php\/colabora\/","title":{"rendered":"COLABORAR"},"content":{"rendered":"<p><script src=\"https:\/\/www.paypal.com\/sdk\/js?client-id=AVboK0Fmjx3DdyRGdrVgII78Z-vFUD6dL9xa4OLHAVV4TNDpv4ufZAhycEkdHsF9UNL21D3jZxGNKuSA&#038;vault=true&#038;intent=subscription\" data-sdk-integration-source=\"button-factory\"><\/script><\/p>\n<h2 class=\"p1\"><span class=\"s1\"><b>SUSCRIPCI\u00d3N MENSUAL CON TARJETA DE CR\u00c9DITO<\/b><\/span><\/h2>\n<p class=\"p1\"><span class=\"s1\">Se debitar\u00e1 de tu cuenta autom\u00e1ticamente mes a mes.<\/span><\/p>\n<p><!-- Al d\u00eda de hoy es f\u00e1cil implementar el pago de suscripci\u00f3n mensual a trav\u00e9s  de suscripciones de Mercado Pago. Pero el aporte individual por \u00fanica vez tuve que hacerlo creando links de pago y fij\u00e1ndome el c\u00f3digo que me da para insertar en bot\u00f3n. Para obtener el pref_id que se usa en los links de los botones, use el data-preference-id del fragmento de codigo que me provee MercadoPago apra insertar el boton. tuve que hacerlo asi porque el fragmento de codigo que me de mercadoPago, no puede personalizarse y solo dice \"Pagar\" --><\/p>\n<p><!-- Suscripcion mensual a voluntad --><br \/>\n<a href=\"https:\/\/www.mercadopago.com.ar\/subscriptions\/checkout?preapproval_plan_id=e610f44ff2244371b312114ffeca5120\" name=\"MP-payButton\" class='blue-ar-l-rn-none'>Colabora mensualmente a voluntad<\/a><\/p>\n<hr \/>\n<p><!-- Suscripcion mensual $5000 --><\/p>\n<h2><a href=\"https:\/\/www.mercadopago.com.ar\/subscriptions\/checkout?preapproval_plan_id=2c9380848ccbd52a018ccfb478fb0141\" name=\"MP-payButton\" class='blue-ar-l-rn-none'>Colabora mensualmente con $5000<\/a><\/h2>\n<hr \/>\n<p><!-- Suscripcion mensual $10000 --><\/p>\n<h2><a href=\"https:\/\/www.mercadopago.com.ar\/subscriptions\/checkout?preapproval_plan_id=2c9380848ccbd52a018ccfb717f80121\" name=\"MP-payButton\" class='blue-ar-l-rn-none'>Colabora mensualmente con $10000<\/a><\/h2>\n<hr \/>\n<p><!-- Suscripcion mensual $50000 --><\/p>\n<h2><a href=\"https:\/\/www.mercadopago.com.ar\/subscriptions\/checkout?preapproval_plan_id=2c9380848ccbd50c018ccfb939120124\" name=\"MP-payButton\" class='blue-ar-l-rn-none'>Colabora mensualmente con $50000<\/a><\/h2>\n<p><script type=\"text\/javascript\">\n   (function() {\n      function $MPC_load() {\n         window.$MPC_loaded !== true && (function() {\n         var s = document.createElement(\"script\");\n         s.type = \"text\/javascript\";\n         s.async = true;\n         s.src = document.location.protocol + \"\/\/secure.mlstatic.com\/mptools\/render.js\";\n         var x = document.getElementsByTagName('script')[0];\n         x.parentNode.insertBefore(s, x);\n         window.$MPC_loaded = true;\n      })();\n   }\n   window.$MPC_loaded !== true ? (window.attachEvent ? window.attachEvent('onload', $MPC_load) : window.addEventListener('load', $MPC_load, false)) : null;\n   })();\n  \/*\n        \/\/ to receive event with message when closing modal from congrants back to site\n        function $MPC_message(event) {\n          \/\/ onclose modal ->CALLBACK FUNCTION\n         \/\/ !!!!!!!!FUNCTION_CALLBACK HERE Received message: {event.data} preapproval_id !!!!!!!!\n        }\n        window.$MPC_loaded !== true ? (window.addEventListener(\"message\", $MPC_message)) : null; \n        *\/\n<\/script><\/p>\n<hr \/>\n<h2><\/h2>\n<h2 class=\"p1\"><span class=\"s1\"><b>APORTE CON TARJETA DE D\u00c9BITO<\/b><\/span><\/h2>\n<p class=\"p1\"><span class=\"s1\">Deber\u00e1s ingresar a realizar el aporte mes a mes.<br \/>\n<\/span><span class=\"s3\"><b><i>\u00a1Escribinos a\u00a0<\/i><\/b><a href=\"mailto:lugardelsolredes@gmail.com\"><span class=\"s2\"><b><i>lugardelsolredes@gmail.com<\/i><\/b><\/span><\/a><b><i>\u00a0y te lo recordaremos!<\/i><\/b><\/span><\/p>\n<hr \/>\n<p><!-- Aporte debito $5000 --><br \/>\n<a class=\"blue-ar-l-rn-none\" href=\"https:\/\/www.mercadopago.com\/mla\/checkout\/start?pref_id=318162218-b7b5225b-c940-471b-bf7b-c0ff0376c915\" name=\"MP-payButton\">Colabora con $5000<\/a><\/p>\n<hr \/>\n<p><!-- Aporte debito $10000 --><br \/>\n<a class=\"blue-ar-l-rn-none\" href=\"https:\/\/www.mercadopago.com\/mla\/checkout\/start?pref_id=318162218-232d8749-f9ab-441b-9f39-61baa4ec02c3\" name=\"MP-payButton\">Colabora con $10000<\/a><\/p>\n<hr \/>\n<p><!-- Aporte debito $50000 --><\/p>\n<p><a class=\"blue-ar-l-rn-none\" href=\"https:\/\/www.mercadopago.com\/mla\/checkout\/start?pref_id=318162218-c9e45c48-0622-416e-aea2-8de12822cc81\" name=\"MP-payButton\">Colabora con $50000<\/a><\/p>\n<p><script type=\"text\/javascript\">\n(function(){function $MPC_load(){window.$MPC_loaded !== true && (function(){var s = document.createElement(\"script\");s.type = \"text\/javascript\";s.async = true;s.src = document.location.protocol+\"\/\/secure.mlstatic.com\/mptools\/render.js\";var x = document.getElementsByTagName('script')[0];x.parentNode.insertBefore(s, x);window.$MPC_loaded = true;})();}window.$MPC_loaded !== true ? (window.attachEvent ?window.attachEvent('onload', $MPC_load) : window.addEventListener('load', $MPC_load, false)) : null;})();\n<\/script><\/p>\n<hr \/>\n<p>&nbsp;<\/p>\n<h2 class=\"p1\"><span class=\"s1\"><b>PARA REALIZAR TRANSFERENCIAS BANCARIAS<\/b><\/span><\/h2>\n<p class=\"p1\"><span class=\"s1\"><b>Fundaci\u00f3n Lugar del Sol\u00a0<\/b><\/span><\/p>\n<ul>\n<li class=\"p1\"><span class=\"s1\">CUIT\/CUIL: 30611370845<\/span><\/li>\n<li class=\"p1\"><span class=\"s1\">Mercado Pago<\/span><\/li>\n<li class=\"p1\"><span class=\"s1\">CBU 0000003100069011676204<\/span><\/li>\n<li class=\"p1\"><span class=\"s1\">Alias: pibes.lugar.sol<\/span><\/li>\n<\/ul>\n<hr \/>\n<h2><\/h2>\n<h2 class=\"p1\"><span class=\"s1\"><b>APORTE CON PAYPAL (MONEDA EXTRANJERA)<\/b><\/span><\/h2>\n<p class=\"p1\"><span class=\"s1\">Podes realizar un aporte mensual o por \u00fanica vez con Paypal.<\/p>\n<p><!-- Aporte Paypal $20 eur --><\/p>\n<p class=\"p1\"><span class=\"s1\"><b>Suscripci\u00f3n Mensual de \u20ac20 Euros v\u00eda Paypal <\/b><\/span><\/p>\n<div id=\"suscripcion20euros\"><\/div>\n<p><script>\n  paypal.Buttons({\n      style: {\n          shape: 'rect',\n          color: 'blue',\n          layout: 'horizontal',\n          label: 'subscribe'\n      },\n      createSubscription: function(data, actions) {\n        return actions.subscription.create({\n          \/* Creates the subscription *\/\n          plan_id: 'P-4G5706133S9333440MXCRH4Q'\n        });\n      },\n      onApprove: function(data, actions) {\n        alert(data.subscriptionID); \/\/ You can add optional success message for the subscriber here\n      }\n  }).render('#suscripcion20euros'); \/\/ Renders the PayPal button\n<\/script><\/p>\n<hr \/>\n<p><!-- Aporte Paypal $50 eur --><\/p>\n<p class=\"p1\"><span class=\"s1\"><b>Suscripci\u00f3n Mensual de \u20ac50 Euros v\u00eda Paypal <\/b><\/span><\/p>\n<div id=\"suscripcion50euros\"><\/div>\n<p><script>\n  paypal.Buttons({\n      style: {\n          shape: 'rect',\n          color: 'silver',\n          layout: 'horizontal',\n          label: 'subscribe'\n      },\n      createSubscription: function(data, actions) {\n        return actions.subscription.create({\n          \/* Creates the subscription *\/\n          plan_id: 'P-01Y54710AJ602234MMXCRNPI'\n        });\n      },\n      onApprove: function(data, actions) {\n        alert(data.subscriptionID); \/\/ You can add optional success message for the subscriber here\n      }\n  }).render('#suscripcion50euros'); \/\/ Renders the PayPal button\n<\/script><\/p>\n<hr \/>\n<p><!-- Aporte Paypal $100 eur --><\/p>\n<p class=\"p1\"><span class=\"s1\"><b>Suscripci\u00f3n Mensual de \u20ac100 Euros v\u00eda Paypal <\/b><\/span><\/p>\n<div id=\"paypal-button-container-P-0U5343397C0874616MXCRUSI\"><\/div>\n<p><script>\n  paypal.Buttons({\n      style: {\n          shape: 'rect',\n          color: 'gold',\n          layout: 'horizontal',\n          label: 'subscribe'\n      },\n      createSubscription: function(data, actions) {\n        return actions.subscription.create({\n          \/* Creates the subscription *\/\n          plan_id: 'P-0U5343397C0874616MXCRUSI'\n        });\n      },\n      onApprove: function(data, actions) {\n        alert(data.subscriptionID); \/\/ You can add optional success message for the subscriber here\n      }\n  }).render('#paypal-button-container-P-0U5343397C0874616MXCRUSI'); \/\/ Renders the PayPal button\n<\/script><\/p>\n<hr \/>\n<p class=\"p1\"><span class=\"s1\"><b>Si quer\u00e9s colaborar de otra manera o dejarnos tus comentarios escribinos a\u00a0<\/b><a href=\"mailto:lugardelsolredes@gmail.com\"><span class=\"s3\"><b>lugardelsolredes@gmail.com<\/b><\/span><\/a><\/span><\/p>\n","protected":false},"excerpt":{"rendered":"<div class=\"mh-excerpt\"><p>SUSCRIPCI\u00d3N MENSUAL CON TARJETA DE CR\u00c9DITO Se debitar\u00e1 de tu cuenta autom\u00e1ticamente mes a mes. Colabora mensualmente a voluntad Colabora mensualmente con $5000 Colabora mensualmente con $10000 Colabora mensualmente con $50000 APORTE CON TARJETA DE <a class=\"mh-excerpt-more\" href=\"https:\/\/www.lugardelsol.org.ar\/index.php\/colabora\/\" title=\"COLABORAR\">\u00a0<\/a><\/p>\n<\/div>","protected":false},"author":1,"featured_media":0,"parent":0,"menu_order":0,"comment_status":"closed","ping_status":"closed","template":"","meta":{"footnotes":""},"_links":{"self":[{"href":"https:\/\/www.lugardelsol.org.ar\/index.php\/wp-json\/wp\/v2\/pages\/440"}],"collection":[{"href":"https:\/\/www.lugardelsol.org.ar\/index.php\/wp-json\/wp\/v2\/pages"}],"about":[{"href":"https:\/\/www.lugardelsol.org.ar\/index.php\/wp-json\/wp\/v2\/types\/page"}],"author":[{"embeddable":true,"href":"https:\/\/www.lugardelsol.org.ar\/index.php\/wp-json\/wp\/v2\/users\/1"}],"replies":[{"embeddable":true,"href":"https:\/\/www.lugardelsol.org.ar\/index.php\/wp-json\/wp\/v2\/comments?post=440"}],"version-history":[{"count":47,"href":"https:\/\/www.lugardelsol.org.ar\/index.php\/wp-json\/wp\/v2\/pages\/440\/revisions"}],"predecessor-version":[{"id":559,"href":"https:\/\/www.lugardelsol.org.ar\/index.php\/wp-json\/wp\/v2\/pages\/440\/revisions\/559"}],"wp:attachment":[{"href":"https:\/\/www.lugardelsol.org.ar\/index.php\/wp-json\/wp\/v2\/media?parent=440"}],"curies":[{"name":"wp","href":"https:\/\/api.w.org\/{rel}","templated":true}]}}