{"id":45,"date":"2018-05-21T13:47:42","date_gmt":"2018-05-21T13:47:42","guid":{"rendered":"http:\/\/www.lugardelsol.org.ar\/?page_id=45"},"modified":"2018-05-22T02:00:34","modified_gmt":"2018-05-22T02:00:34","slug":"area-educacion-e-integracion-comunitaria","status":"publish","type":"page","link":"https:\/\/www.lugardelsol.org.ar\/index.php\/casa-del-nino-rucalhue\/area-educacion-e-integracion-comunitaria\/","title":{"rendered":"Educaci\u00f3n comunitaria"},"content":{"rendered":"<p><strong>Objetivos espec\u00edficos:<\/strong><\/p>\n<ul>\n<li><em>Construir, junto con los chicos, una propuesta educativa que contemple sus intereses, necesidades y demandas.<\/em><\/li>\n<li><em>Formar a los ni\u00f1os en los valores de la comunidad familiar y barrial.\u00a0<\/em><\/li>\n<li><em>Favorecer el desarrollo de aptitudes relacionales y comunicacionales.<\/em><\/li>\n<li><em>Acompa\u00f1ar a los chicos en los procesos de integraci\u00f3n social.<\/em><\/li>\n<li><em>Fomentar el desarrollo de habilidades art\u00edsticas, intelectuales y f\u00edsicas.<\/em><\/li>\n<li><em>Promover la creatividad y el esp\u00edritu cr\u00edtico.\u00a0\u00a0<\/em><\/li>\n<li><em>Acompa\u00f1ar y complementar la propuesta educativa del espacio escolar.<\/em><\/li>\n<\/ul>\n<p><strong>Actividades:<\/strong><br \/>\nLas actividades de las que participar\u00e1n los chicos respetan el car\u00e1cter \u201cdial\u00f3gico\u201d que, seg\u00fan Paulo Freire, debe tener la acci\u00f3n educativa: educando y educador, en una interacci\u00f3n donde ambos aprenden y ambos ense\u00f1an, reciben un plus, un \u201calgo m\u00e1s\u201d que ninguno de los dos pose\u00eda,\u00a0<em>per se<\/em>, previamente. Hay un producto del quehacer educativo que dignifica a ambos.<\/p>\n<p>La propuesta metodol\u00f3gica supone, adem\u00e1s, que el v\u00ednculo educador-educando es un v\u00ednculo amoroso. El compromiso de quienes conducen el proyecto educativo de la Casa del Ni\u00f1o es, por lo tanto, un compromiso de vida.<\/p>\n<p>La Comunidad Educativa se organizar\u00e1 en base a la conformaci\u00f3n de equipos de seis\/ocho integrantes -educaci\u00f3n por grupo de pares-. Funcionar\u00e1 un Consejo de Coordinadores de Equipos. Se convocar\u00e1, peri\u00f3dicamente, a la Asamblea General, formada por todos los educandos y educadores de la Casa.<\/p>\n<p>En este marco organizativo, las actividades a desarrollar son las siguientes:<\/p>\n<ul>\n<li>Talleres de reflexi\u00f3n grupal.<\/li>\n<li>Juegos formativos (de stalking, de Kim, de estrategia, de b\u00fasqueda).<\/li>\n<li>Juegos pre deportivos.<\/li>\n<li>Competencias deportivas.<\/li>\n<li>T\u00e9cnicas de\u00a0<em>rol playing<\/em>\u00a0y otras aplicadas a la formaci\u00f3n actitudinal.<\/li>\n<li>Talleres de arte y dramatizaci\u00f3n.<\/li>\n<li>Salidas, Acantonamientos, Campamentos.<\/li>\n<li>Fogones recreativos, Festivales, Barrileteadas.<\/li>\n<li>Apoyo escolar.<\/li>\n<li>Participaci\u00f3n en actividades programadas por otras organizaciones intermedias o por el municipio.<\/li>\n<\/ul>\n<p>&nbsp;<\/p>\n","protected":false},"excerpt":{"rendered":"<div class=\"mh-excerpt\"><p>Objetivos espec\u00edficos: Construir, junto con los chicos, una propuesta educativa que contemple sus intereses, necesidades y demandas. Formar a los ni\u00f1os en los valores de la comunidad familiar y barrial.\u00a0 Favorecer el desarrollo de aptitudes <a class=\"mh-excerpt-more\" href=\"https:\/\/www.lugardelsol.org.ar\/index.php\/casa-del-nino-rucalhue\/area-educacion-e-integracion-comunitaria\/\" title=\"Educaci\u00f3n comunitaria\">\u00a0<\/a><\/p>\n<\/div>","protected":false},"author":1,"featured_media":0,"parent":37,"menu_order":0,"comment_status":"closed","ping_status":"closed","template":"","meta":{"footnotes":""},"_links":{"self":[{"href":"https:\/\/www.lugardelsol.org.ar\/index.php\/wp-json\/wp\/v2\/pages\/45"}],"collection":[{"href":"https:\/\/www.lugardelsol.org.ar\/index.php\/wp-json\/wp\/v2\/pages"}],"about":[{"href":"https:\/\/www.lugardelsol.org.ar\/index.php\/wp-json\/wp\/v2\/types\/page"}],"author":[{"embeddable":true,"href":"https:\/\/www.lugardelsol.org.ar\/index.php\/wp-json\/wp\/v2\/users\/1"}],"replies":[{"embeddable":true,"href":"https:\/\/www.lugardelsol.org.ar\/index.php\/wp-json\/wp\/v2\/comments?post=45"}],"version-history":[{"count":2,"href":"https:\/\/www.lugardelsol.org.ar\/index.php\/wp-json\/wp\/v2\/pages\/45\/revisions"}],"predecessor-version":[{"id":76,"href":"https:\/\/www.lugardelsol.org.ar\/index.php\/wp-json\/wp\/v2\/pages\/45\/revisions\/76"}],"up":[{"embeddable":true,"href":"https:\/\/www.lugardelsol.org.ar\/index.php\/wp-json\/wp\/v2\/pages\/37"}],"wp:attachment":[{"href":"https:\/\/www.lugardelsol.org.ar\/index.php\/wp-json\/wp\/v2\/media?parent=45"}],"curies":[{"name":"wp","href":"https:\/\/api.w.org\/{rel}","templated":true}]}}