{"id":458,"date":"2018-05-29T23:07:11","date_gmt":"2018-05-29T23:07:11","guid":{"rendered":"http:\/\/www.lugardelsol.org.ar\/?page_id=458"},"modified":"2020-09-08T14:47:55","modified_gmt":"2020-09-08T14:47:55","slug":"contacto","status":"publish","type":"page","link":"https:\/\/www.lugardelsol.org.ar\/index.php\/contacto\/","title":{"rendered":"Contacto"},"content":{"rendered":"<p><strong>Fundaci\u00f3n Lugar del Sol<\/strong><\/p>\n<ul>\n<li><u>Casa del Ni\u00f1o Rucalhu\u00e9<\/u>. 369B esquina 315, Barrio La Colina, Berazategui.<\/li>\n<li><u>Escuela de L\u00edderes Illihu\u00e9<\/u>. 137 y 45 Barrio R\u00edo Encantado, Berazategui.<\/li>\n<li><u>Granja Cunumicitos<\/u>. Barrio La Capilla, Florencio Varela.<\/li>\n<\/ul>\n<p><strong>Tel\u00e9fono:&nbsp;<\/strong>011-42581659.<\/p>\n<p><strong>Correo electr\u00f3nico: lugardelsolredes@gmail.com<\/strong><\/p>\n","protected":false},"excerpt":{"rendered":"<div class=\"mh-excerpt\"><p>Fundaci\u00f3n Lugar del Sol Casa del Ni\u00f1o Rucalhu\u00e9. 369B esquina 315, Barrio La Colina, Berazategui. Escuela de L\u00edderes Illihu\u00e9. 137 y 45 Barrio R\u00edo Encantado, Berazategui. Granja Cunumicitos. Barrio La Capilla, Florencio Varela. Tel\u00e9fono:&nbsp;011-42581659. Correo <a class=\"mh-excerpt-more\" href=\"https:\/\/www.lugardelsol.org.ar\/index.php\/contacto\/\" title=\"Contacto\">\u00a0<\/a><\/p>\n<\/div>","protected":false},"author":1,"featured_media":0,"parent":0,"menu_order":0,"comment_status":"closed","ping_status":"closed","template":"","meta":{"footnotes":""},"_links":{"self":[{"href":"https:\/\/www.lugardelsol.org.ar\/index.php\/wp-json\/wp\/v2\/pages\/458"}],"collection":[{"href":"https:\/\/www.lugardelsol.org.ar\/index.php\/wp-json\/wp\/v2\/pages"}],"about":[{"href":"https:\/\/www.lugardelsol.org.ar\/index.php\/wp-json\/wp\/v2\/types\/page"}],"author":[{"embeddable":true,"href":"https:\/\/www.lugardelsol.org.ar\/index.php\/wp-json\/wp\/v2\/users\/1"}],"replies":[{"embeddable":true,"href":"https:\/\/www.lugardelsol.org.ar\/index.php\/wp-json\/wp\/v2\/comments?post=458"}],"version-history":[{"count":2,"href":"https:\/\/www.lugardelsol.org.ar\/index.php\/wp-json\/wp\/v2\/pages\/458\/revisions"}],"predecessor-version":[{"id":515,"href":"https:\/\/www.lugardelsol.org.ar\/index.php\/wp-json\/wp\/v2\/pages\/458\/revisions\/515"}],"wp:attachment":[{"href":"https:\/\/www.lugardelsol.org.ar\/index.php\/wp-json\/wp\/v2\/media?parent=458"}],"curies":[{"name":"wp","href":"https:\/\/api.w.org\/{rel}","templated":true}]}}