{"id":465,"date":"2018-05-30T01:46:23","date_gmt":"2018-05-30T01:46:23","guid":{"rendered":"http:\/\/www.lugardelsol.org.ar\/?page_id=465"},"modified":"2020-12-18T16:06:26","modified_gmt":"2020-12-18T16:06:26","slug":"agenda","status":"publish","type":"page","link":"https:\/\/www.lugardelsol.org.ar\/index.php\/agenda\/","title":{"rendered":"AGENDA"},"content":{"rendered":"<h3 style=\"text-align: center;\"><strong>AGENDA LEGISLATIVA<\/strong><\/h3>\n<p><em><strong>Grupos de compa\u00f1eros y compa\u00f1eras que trabajamos&nbsp; por otro destino para lxs chicxs del pueblo, hemos elaborado&nbsp; propuestas legislativas para fortalecer la organizaci\u00f3n comunitaria. A partir de nuestro trabajo, contamos con la ley 27.218 que crea un R\u00e9gimen Tarifario Espec\u00edfico para Entidades de Bien P\u00fablico. Falta mucho por hacer.&nbsp;<\/strong><\/em><em><strong>Aqu\u00ed te presentamos nuestras propuestas.&nbsp;<\/strong><\/em><\/p>\n<p>&nbsp;<\/p>\n<h2 class=\"has-text-align-center\" style=\"text-align: center;\"><a href=\"https:\/\/claudiabernazza.ar\/antecedentes-agenda-organizaciones-sociales-2007-2009\/\" data-type=\"URL\" data-id=\"https:\/\/claudiabernazza.ar\/antecedentes-agenda-organizaciones-sociales-2007-2009\/\"><strong>Agenda Legislativa de las Organizaciones Sociales<br \/>\n<\/strong>2015<\/a><\/h2>\n<p>&nbsp;<\/p>\n<h2 class=\"has-text-align-center\" style=\"text-align: center;\"><a href=\"https:\/\/claudiabernazza.ar\/proyectos-legislativos-2020-2021\/\" data-type=\"URL\" data-id=\"https:\/\/claudiabernazza.ar\/proyectos-legislativos-2020-2021\/\"><strong>Agenda Legislativa NI\u00d1EZ Y COMUNIDAD 2020 \u2013 2021<\/strong><\/a><\/h2>\n<p class=\"has-text-align-center\" style=\"text-align: center;\"><a href=\"http:\/\/www.claudiabernazza.ar\/\" data-type=\"URL\" data-id=\"http:\/\/www.claudiabernazza.ar\"><strong>www.claudiabernazza.ar<\/strong><\/a><\/p>\n","protected":false},"excerpt":{"rendered":"<div class=\"mh-excerpt\"><p>AGENDA LEGISLATIVA Grupos de compa\u00f1eros y compa\u00f1eras que trabajamos&nbsp; por otro destino para lxs chicxs del pueblo, hemos elaborado&nbsp; propuestas legislativas para fortalecer la organizaci\u00f3n comunitaria. A partir de nuestro trabajo, contamos con la ley <a class=\"mh-excerpt-more\" href=\"https:\/\/www.lugardelsol.org.ar\/index.php\/agenda\/\" title=\"AGENDA\">\u00a0<\/a><\/p>\n<\/div>","protected":false},"author":1,"featured_media":0,"parent":0,"menu_order":0,"comment_status":"closed","ping_status":"closed","template":"","meta":{"footnotes":""},"_links":{"self":[{"href":"https:\/\/www.lugardelsol.org.ar\/index.php\/wp-json\/wp\/v2\/pages\/465"}],"collection":[{"href":"https:\/\/www.lugardelsol.org.ar\/index.php\/wp-json\/wp\/v2\/pages"}],"about":[{"href":"https:\/\/www.lugardelsol.org.ar\/index.php\/wp-json\/wp\/v2\/types\/page"}],"author":[{"embeddable":true,"href":"https:\/\/www.lugardelsol.org.ar\/index.php\/wp-json\/wp\/v2\/users\/1"}],"replies":[{"embeddable":true,"href":"https:\/\/www.lugardelsol.org.ar\/index.php\/wp-json\/wp\/v2\/comments?post=465"}],"version-history":[{"count":14,"href":"https:\/\/www.lugardelsol.org.ar\/index.php\/wp-json\/wp\/v2\/pages\/465\/revisions"}],"predecessor-version":[{"id":525,"href":"https:\/\/www.lugardelsol.org.ar\/index.php\/wp-json\/wp\/v2\/pages\/465\/revisions\/525"}],"wp:attachment":[{"href":"https:\/\/www.lugardelsol.org.ar\/index.php\/wp-json\/wp\/v2\/media?parent=465"}],"curies":[{"name":"wp","href":"https:\/\/api.w.org\/{rel}","templated":true}]}}