{"id":47,"date":"2018-05-21T14:04:07","date_gmt":"2018-05-21T14:04:07","guid":{"rendered":"http:\/\/www.lugardelsol.org.ar\/?page_id=47"},"modified":"2018-05-22T02:00:34","modified_gmt":"2018-05-22T02:00:34","slug":"area-salud-y-nutricion","status":"publish","type":"page","link":"https:\/\/www.lugardelsol.org.ar\/index.php\/casa-del-nino-rucalhue\/area-salud-y-nutricion\/","title":{"rendered":"Salud y nutrici\u00f3n"},"content":{"rendered":"<ul>\n<li>Preservar y fortalecer la salud bio psico social de los ni\u00f1os.<\/li>\n<li>Acompa\u00f1ar el crecimiento de los ni\u00f1os, a trav\u00e9s de una dieta alimentaria adecuada a requerimientos particulares y generales.<\/li>\n<li>Atender problemas de salud espec\u00edficos.<\/li>\n<\/ul>\n<p><strong>Actividades:<\/strong><br \/>\nLa Casa del Ni\u00f1o se propone atender las necesidades alimentarias y de salud de la poblaci\u00f3n a su cargo, a trav\u00e9s de:<\/p>\n<p><strong>Plan Alimentario:<\/strong><br \/>\nPlanificaci\u00f3n y elaboraci\u00f3n de la dieta alimentaria, teniendo en cuenta necesidades particulares y generales.<br \/>\nServicio de desayuno, almuerzo y merienda, entendido como espacio de reforzamiento de lazos familiares y comunitarios. En el caso de los grupos et\u00e1reos menores, ser\u00e1n las mismas mam\u00e1s las que lleve adelante el servicio.<br \/>\nConfecci\u00f3n de curvas de crecimiento y detecci\u00f3n y atenci\u00f3n de carencias espec\u00edficas.<\/p>\n<p><strong>Plan de Atenci\u00f3n de la Salud:<\/strong><br \/>\nServicio de atenci\u00f3n m\u00e9dica, a trav\u00e9s de contrataci\u00f3n de un servicio de \u00c1rea Protegida y acuerdos de atenci\u00f3n primaria con unidades sanitarias barriales y de derivaci\u00f3n con hospitales zonales.<br \/>\nAtenci\u00f3n odontol\u00f3gica, en convenio con la UNLP.<\/p>\n","protected":false},"excerpt":{"rendered":"<div class=\"mh-excerpt\"><p>Preservar y fortalecer la salud bio psico social de los ni\u00f1os. Acompa\u00f1ar el crecimiento de los ni\u00f1os, a trav\u00e9s de una dieta alimentaria adecuada a requerimientos particulares y generales. Atender problemas de salud espec\u00edficos. Actividades: <a class=\"mh-excerpt-more\" href=\"https:\/\/www.lugardelsol.org.ar\/index.php\/casa-del-nino-rucalhue\/area-salud-y-nutricion\/\" title=\"Salud y nutrici\u00f3n\">\u00a0<\/a><\/p>\n<\/div>","protected":false},"author":1,"featured_media":0,"parent":37,"menu_order":0,"comment_status":"closed","ping_status":"closed","template":"","meta":{"footnotes":""},"_links":{"self":[{"href":"https:\/\/www.lugardelsol.org.ar\/index.php\/wp-json\/wp\/v2\/pages\/47"}],"collection":[{"href":"https:\/\/www.lugardelsol.org.ar\/index.php\/wp-json\/wp\/v2\/pages"}],"about":[{"href":"https:\/\/www.lugardelsol.org.ar\/index.php\/wp-json\/wp\/v2\/types\/page"}],"author":[{"embeddable":true,"href":"https:\/\/www.lugardelsol.org.ar\/index.php\/wp-json\/wp\/v2\/users\/1"}],"replies":[{"embeddable":true,"href":"https:\/\/www.lugardelsol.org.ar\/index.php\/wp-json\/wp\/v2\/comments?post=47"}],"version-history":[{"count":2,"href":"https:\/\/www.lugardelsol.org.ar\/index.php\/wp-json\/wp\/v2\/pages\/47\/revisions"}],"predecessor-version":[{"id":75,"href":"https:\/\/www.lugardelsol.org.ar\/index.php\/wp-json\/wp\/v2\/pages\/47\/revisions\/75"}],"up":[{"embeddable":true,"href":"https:\/\/www.lugardelsol.org.ar\/index.php\/wp-json\/wp\/v2\/pages\/37"}],"wp:attachment":[{"href":"https:\/\/www.lugardelsol.org.ar\/index.php\/wp-json\/wp\/v2\/media?parent=47"}],"curies":[{"name":"wp","href":"https:\/\/api.w.org\/{rel}","templated":true}]}}