{"id":49,"date":"2018-05-21T14:05:37","date_gmt":"2018-05-21T14:05:37","guid":{"rendered":"http:\/\/www.lugardelsol.org.ar\/?page_id=49"},"modified":"2018-05-22T02:00:34","modified_gmt":"2018-05-22T02:00:34","slug":"area-promocion-social","status":"publish","type":"page","link":"https:\/\/www.lugardelsol.org.ar\/index.php\/casa-del-nino-rucalhue\/area-promocion-social\/","title":{"rendered":"Promoci\u00f3n social\u00a0"},"content":{"rendered":"<p><strong>Objetivos espec\u00edficos:<\/strong><\/p>\n<ul>\n<li>Promover el acercamiento y la participaci\u00f3n de las familias, a fin de construir, junto con ellas, un proyecto institucional que se inserte en la realidad barrial.<\/li>\n<li>Promover la formaci\u00f3n de grupos de padres, a fin de generar un espacio donde estos puedan plantear inquietudes, resolver problemas, y reforzar v\u00ednculos familiares y comunitarios.<\/li>\n<li>Acompa\u00f1ar los emprendimientos productivos que surjan de esta interacci\u00f3n.<\/li>\n<li>Acompa\u00f1ar la resoluci\u00f3n de problemas familiares espec\u00edficos: indocumentaci\u00f3n, gestiones ante organismos p\u00fablicos, etc.<\/li>\n<\/ul>\n<p><strong>Actividades:<\/strong><\/p>\n<p>Entendemos que la integraci\u00f3n familiar y comunitaria es imprescindible para la resoluci\u00f3n de conflictos y la promoci\u00f3n humana, por lo que la Casa del Ni\u00f1o se propone las siguientes actividades:<\/p>\n<ul>\n<li>Reuniones de padres.<\/li>\n<li>Visitas a las familias. Informes socio ambientales y atenci\u00f3n personalizada de necesidades espec\u00edficas.<\/li>\n<li>Jornadas de Encuentro Familiar, Kermesses, Festivales.<\/li>\n<li>Conformaci\u00f3n de grupos que respondan a distintos objetivos: apoyo institucional, microemprendimientos, mantenimiento edilicio, planificaci\u00f3n educativa, otros.<\/li>\n<li>Acompa\u00f1amiento de emprendimientos productivos.<\/li>\n<li>Actividades conjuntas con organizaciones intermedias de la comunidad.<\/li>\n<li>En coordinaci\u00f3n con el Estado: participaci\u00f3n activa en Campa\u00f1as de documentaci\u00f3n, vacunaci\u00f3n, etc.<\/li>\n<\/ul>\n","protected":false},"excerpt":{"rendered":"<div class=\"mh-excerpt\"><p>Objetivos espec\u00edficos: Promover el acercamiento y la participaci\u00f3n de las familias, a fin de construir, junto con ellas, un proyecto institucional que se inserte en la realidad barrial. Promover la formaci\u00f3n de grupos de padres, <a class=\"mh-excerpt-more\" href=\"https:\/\/www.lugardelsol.org.ar\/index.php\/casa-del-nino-rucalhue\/area-promocion-social\/\" title=\"Promoci\u00f3n social\u00a0\">\u00a0<\/a><\/p>\n<\/div>","protected":false},"author":1,"featured_media":0,"parent":37,"menu_order":0,"comment_status":"closed","ping_status":"closed","template":"","meta":{"footnotes":""},"_links":{"self":[{"href":"https:\/\/www.lugardelsol.org.ar\/index.php\/wp-json\/wp\/v2\/pages\/49"}],"collection":[{"href":"https:\/\/www.lugardelsol.org.ar\/index.php\/wp-json\/wp\/v2\/pages"}],"about":[{"href":"https:\/\/www.lugardelsol.org.ar\/index.php\/wp-json\/wp\/v2\/types\/page"}],"author":[{"embeddable":true,"href":"https:\/\/www.lugardelsol.org.ar\/index.php\/wp-json\/wp\/v2\/users\/1"}],"replies":[{"embeddable":true,"href":"https:\/\/www.lugardelsol.org.ar\/index.php\/wp-json\/wp\/v2\/comments?post=49"}],"version-history":[{"count":2,"href":"https:\/\/www.lugardelsol.org.ar\/index.php\/wp-json\/wp\/v2\/pages\/49\/revisions"}],"predecessor-version":[{"id":74,"href":"https:\/\/www.lugardelsol.org.ar\/index.php\/wp-json\/wp\/v2\/pages\/49\/revisions\/74"}],"up":[{"embeddable":true,"href":"https:\/\/www.lugardelsol.org.ar\/index.php\/wp-json\/wp\/v2\/pages\/37"}],"wp:attachment":[{"href":"https:\/\/www.lugardelsol.org.ar\/index.php\/wp-json\/wp\/v2\/media?parent=49"}],"curies":[{"name":"wp","href":"https:\/\/api.w.org\/{rel}","templated":true}]}}