{"id":51,"date":"2018-05-21T14:06:06","date_gmt":"2018-05-21T14:06:06","guid":{"rendered":"http:\/\/www.lugardelsol.org.ar\/?page_id=51"},"modified":"2018-05-22T02:00:34","modified_gmt":"2018-05-22T02:00:34","slug":"modalidad-operativa","status":"publish","type":"page","link":"https:\/\/www.lugardelsol.org.ar\/index.php\/casa-del-nino-rucalhue\/modalidad-operativa\/","title":{"rendered":"Modalidad operativa"},"content":{"rendered":"<p>Los ni\u00f1os concurrir\u00e1n a la Casa del Ni\u00f1o en el contraturno escolar, o, por motivos espec\u00edficos, durante todo el d\u00eda. Recibir\u00e1n un servicio de desayuno y almuerzo, los que concurran por la ma\u00f1ana, y de almuerzo y merienda, los que lo hagan por la tarde, y participar\u00e1n de una propuesta educativa integral. Durante el verano, la estad\u00eda de los ni\u00f1os en la Casa se ampliar\u00e1 de acuerdo a las necesidades familiares.<\/p>\n","protected":false},"excerpt":{"rendered":"<div class=\"mh-excerpt\"><p>Los ni\u00f1os concurrir\u00e1n a la Casa del Ni\u00f1o en el contraturno escolar, o, por motivos espec\u00edficos, durante todo el d\u00eda. Recibir\u00e1n un servicio de desayuno y almuerzo, los que concurran por la ma\u00f1ana, y de <a class=\"mh-excerpt-more\" href=\"https:\/\/www.lugardelsol.org.ar\/index.php\/casa-del-nino-rucalhue\/modalidad-operativa\/\" title=\"Modalidad operativa\">\u00a0<\/a><\/p>\n<\/div>","protected":false},"author":1,"featured_media":0,"parent":37,"menu_order":0,"comment_status":"closed","ping_status":"closed","template":"","meta":{"footnotes":""},"_links":{"self":[{"href":"https:\/\/www.lugardelsol.org.ar\/index.php\/wp-json\/wp\/v2\/pages\/51"}],"collection":[{"href":"https:\/\/www.lugardelsol.org.ar\/index.php\/wp-json\/wp\/v2\/pages"}],"about":[{"href":"https:\/\/www.lugardelsol.org.ar\/index.php\/wp-json\/wp\/v2\/types\/page"}],"author":[{"embeddable":true,"href":"https:\/\/www.lugardelsol.org.ar\/index.php\/wp-json\/wp\/v2\/users\/1"}],"replies":[{"embeddable":true,"href":"https:\/\/www.lugardelsol.org.ar\/index.php\/wp-json\/wp\/v2\/comments?post=51"}],"version-history":[{"count":1,"href":"https:\/\/www.lugardelsol.org.ar\/index.php\/wp-json\/wp\/v2\/pages\/51\/revisions"}],"predecessor-version":[{"id":52,"href":"https:\/\/www.lugardelsol.org.ar\/index.php\/wp-json\/wp\/v2\/pages\/51\/revisions\/52"}],"up":[{"embeddable":true,"href":"https:\/\/www.lugardelsol.org.ar\/index.php\/wp-json\/wp\/v2\/pages\/37"}],"wp:attachment":[{"href":"https:\/\/www.lugardelsol.org.ar\/index.php\/wp-json\/wp\/v2\/media?parent=51"}],"curies":[{"name":"wp","href":"https:\/\/api.w.org\/{rel}","templated":true}]}}