{"id":78,"date":"2018-05-21T17:33:59","date_gmt":"2018-05-21T17:33:59","guid":{"rendered":"http:\/\/www.lugardelsol.org.ar\/?page_id=78"},"modified":"2018-05-22T02:00:35","modified_gmt":"2018-05-22T02:00:35","slug":"protagonistas","status":"publish","type":"page","link":"https:\/\/www.lugardelsol.org.ar\/index.php\/escuela-de-lideres-illihue\/protagonistas\/","title":{"rendered":"Protagonistas"},"content":{"rendered":"<p>Este proyecto estar\u00e1 dirigido a adolescentes (chicos y chicas de entre 14 y 17 a\u00f1os) y j\u00f3venes (de 18 a 20 a\u00f1os aproximadamente), del partido de Berazategui, que est\u00e1n atravesando una riesgosa situaci\u00f3n econ\u00f3mica y social.<\/p>\n<p>En especial, inicialmente se dirigir\u00e1 a los adolescentes que hayan egresado de la\u00a0<strong>Casa del Ni\u00f1o Rucalhu\u00e9\u00a0<\/strong>con el objeto de formar un grupo referente s\u00f3lido que hayan trabajado en grupos de pares.<\/p>\n<p>En una segunda etapa, se incluir\u00e1n en el proyecto, a otros grupos de adolescentes.<\/p>\n","protected":false},"excerpt":{"rendered":"<div class=\"mh-excerpt\"><p>Este proyecto estar\u00e1 dirigido a adolescentes (chicos y chicas de entre 14 y 17 a\u00f1os) y j\u00f3venes (de 18 a 20 a\u00f1os aproximadamente), del partido de Berazategui, que est\u00e1n atravesando una riesgosa situaci\u00f3n econ\u00f3mica y <a class=\"mh-excerpt-more\" href=\"https:\/\/www.lugardelsol.org.ar\/index.php\/escuela-de-lideres-illihue\/protagonistas\/\" title=\"Protagonistas\">\u00a0<\/a><\/p>\n<\/div>","protected":false},"author":1,"featured_media":0,"parent":68,"menu_order":0,"comment_status":"closed","ping_status":"closed","template":"","meta":{"footnotes":""},"_links":{"self":[{"href":"https:\/\/www.lugardelsol.org.ar\/index.php\/wp-json\/wp\/v2\/pages\/78"}],"collection":[{"href":"https:\/\/www.lugardelsol.org.ar\/index.php\/wp-json\/wp\/v2\/pages"}],"about":[{"href":"https:\/\/www.lugardelsol.org.ar\/index.php\/wp-json\/wp\/v2\/types\/page"}],"author":[{"embeddable":true,"href":"https:\/\/www.lugardelsol.org.ar\/index.php\/wp-json\/wp\/v2\/users\/1"}],"replies":[{"embeddable":true,"href":"https:\/\/www.lugardelsol.org.ar\/index.php\/wp-json\/wp\/v2\/comments?post=78"}],"version-history":[{"count":1,"href":"https:\/\/www.lugardelsol.org.ar\/index.php\/wp-json\/wp\/v2\/pages\/78\/revisions"}],"predecessor-version":[{"id":79,"href":"https:\/\/www.lugardelsol.org.ar\/index.php\/wp-json\/wp\/v2\/pages\/78\/revisions\/79"}],"up":[{"embeddable":true,"href":"https:\/\/www.lugardelsol.org.ar\/index.php\/wp-json\/wp\/v2\/pages\/68"}],"wp:attachment":[{"href":"https:\/\/www.lugardelsol.org.ar\/index.php\/wp-json\/wp\/v2\/media?parent=78"}],"curies":[{"name":"wp","href":"https:\/\/api.w.org\/{rel}","templated":true}]}}