{"id":80,"date":"2018-05-21T17:35:38","date_gmt":"2018-05-21T17:35:38","guid":{"rendered":"http:\/\/www.lugardelsol.org.ar\/?page_id=80"},"modified":"2018-05-22T02:00:35","modified_gmt":"2018-05-22T02:00:35","slug":"recursos","status":"publish","type":"page","link":"https:\/\/www.lugardelsol.org.ar\/index.php\/escuela-de-lideres-illihue\/recursos\/","title":{"rendered":"Recursos"},"content":{"rendered":"<p><strong>Humanos<\/strong><\/p>\n<ul>\n<li>Dos dirigentes fijos, responsables del grupo<\/li>\n<li>Expositores de diferentes temas<\/li>\n<\/ul>\n<p><strong>Materiales<\/strong><\/p>\n<ul>\n<li>Un sal\u00f3n de reuni\u00f3n.<\/li>\n<li>Mesas, sillas.<\/li>\n<li>Cubiertos, utensilios de cocina.<\/li>\n<li>Yerba, mates, termos, galletitas, pan.<\/li>\n<li>Hojas l\u00e1pices, lapiceras, etc.<\/li>\n<li>20 almuerzos diarios.<\/li>\n<li>Biblioteca.<\/li>\n<li>Luz, gas.<\/li>\n<li>Cocina, estufa.<\/li>\n<li>Armado de ba\u00f1os para el local.<\/li>\n<li>Dos sueldos mensuales para responsables del grupo.<\/li>\n<\/ul>\n","protected":false},"excerpt":{"rendered":"<div class=\"mh-excerpt\"><p>Humanos Dos dirigentes fijos, responsables del grupo Expositores de diferentes temas Materiales Un sal\u00f3n de reuni\u00f3n. Mesas, sillas. Cubiertos, utensilios de cocina. Yerba, mates, termos, galletitas, pan. Hojas l\u00e1pices, lapiceras, etc. 20 almuerzos diarios. Biblioteca. <a class=\"mh-excerpt-more\" href=\"https:\/\/www.lugardelsol.org.ar\/index.php\/escuela-de-lideres-illihue\/recursos\/\" title=\"Recursos\">\u00a0<\/a><\/p>\n<\/div>","protected":false},"author":1,"featured_media":0,"parent":68,"menu_order":0,"comment_status":"closed","ping_status":"closed","template":"","meta":{"footnotes":""},"_links":{"self":[{"href":"https:\/\/www.lugardelsol.org.ar\/index.php\/wp-json\/wp\/v2\/pages\/80"}],"collection":[{"href":"https:\/\/www.lugardelsol.org.ar\/index.php\/wp-json\/wp\/v2\/pages"}],"about":[{"href":"https:\/\/www.lugardelsol.org.ar\/index.php\/wp-json\/wp\/v2\/types\/page"}],"author":[{"embeddable":true,"href":"https:\/\/www.lugardelsol.org.ar\/index.php\/wp-json\/wp\/v2\/users\/1"}],"replies":[{"embeddable":true,"href":"https:\/\/www.lugardelsol.org.ar\/index.php\/wp-json\/wp\/v2\/comments?post=80"}],"version-history":[{"count":1,"href":"https:\/\/www.lugardelsol.org.ar\/index.php\/wp-json\/wp\/v2\/pages\/80\/revisions"}],"predecessor-version":[{"id":81,"href":"https:\/\/www.lugardelsol.org.ar\/index.php\/wp-json\/wp\/v2\/pages\/80\/revisions\/81"}],"up":[{"embeddable":true,"href":"https:\/\/www.lugardelsol.org.ar\/index.php\/wp-json\/wp\/v2\/pages\/68"}],"wp:attachment":[{"href":"https:\/\/www.lugardelsol.org.ar\/index.php\/wp-json\/wp\/v2\/media?parent=80"}],"curies":[{"name":"wp","href":"https:\/\/api.w.org\/{rel}","templated":true}]}}