{"id":82,"date":"2018-05-21T17:37:33","date_gmt":"2018-05-21T17:37:33","guid":{"rendered":"http:\/\/www.lugardelsol.org.ar\/?page_id=82"},"modified":"2018-05-22T02:00:35","modified_gmt":"2018-05-22T02:00:35","slug":"el-proyecto","status":"publish","type":"page","link":"https:\/\/www.lugardelsol.org.ar\/index.php\/escuela-de-lideres-illihue\/el-proyecto\/","title":{"rendered":"El proyecto"},"content":{"rendered":"<p><strong>Objetivo general<\/strong><\/p>\n<p>Generar un espacio en el cual un grupo de adolescentes y j\u00f3venes pueda relacionarse entre s\u00ed de manera de reforzar sus sentimientos de seguridad emocional y pertenencia, v\u00ednculos que contribuir\u00e1n a la construcci\u00f3n de proyectos personales y\/o comunitarios.<\/p>\n<p>Formar j\u00f3venes integralmente en valores, actitudes y aptitudes de liderazgo y conocimiento, present\u00e1ndoles una alternativa que supere la impl\u00edcita en el espacio callejero, y creando as\u00ed nuevos modelos de convivencia y desarrollo.<\/p>\n<p><strong>Objetivos espec\u00edficos<\/strong><\/p>\n<p>Promover situaciones a partir de las cuales puedan apreciar el propio valor e importancia y responsabilizarse por ellos mismos y actuar de manera responsable hacia los dem\u00e1s<\/p>\n<p>Estimular el ejercicio de habilidades de integraci\u00f3n social que respalden a cada miembro del grupo.<\/p>\n<p>Fomentar el desarrollo y la apropiaci\u00f3n de habilidades y destrezas que les permitan estructurar proyectos exitosos que trasciendas.<\/p>\n<p>Formar a los chicos para que puedan transmitir los conocimientos adquiridos, valores y actividades, a otros grupos de chicos, participando activamente en la construcci\u00f3n social de sus comunidades familiares y barriales.<\/p>\n<p><strong>Actividades<br \/>\n<\/strong><\/p>\n<ol>\n<li>Se conformara con estos j\u00f3venes y adolescentes un grupo de pares en el cual participaran y se podr\u00e1n identificar compartiendo intereses comunes, proyectos, necesidades y c\u00f3digos. Como metodolog\u00eda, se implementar\u00e1:\n<p>&#8211; Campamentos<br \/>\n&#8211; Salidas<br \/>\n&#8211; Juegos<br \/>\n&#8211; Espacios de reflexi\u00f3n<\/li>\n<li><em>Escuela de Lideres:<\/em>\u00a0El objetivo ser\u00e1 formar dirigentes grupales que adquieran habilidades para poder llevar adelante un proyecto educativo con otro grupo de ni\u00f1os. Las tareas que contemplara esta formaci\u00f3n ser\u00e1n:\n<p>Charlas-taller sobre: comunicaci\u00f3n interinstitucional, formaci\u00f3n de grupos, \u00a0\u00a0\u00a0recreaci\u00f3n, limites, t\u00e9cnicas grupales, planificaci\u00f3n de proyectos.<br \/>\n&#8211; Juegos y din\u00e1micas grupales.<br \/>\n&#8211; Organizaci\u00f3n de trabajos comunitarios.<br \/>\n&#8211; Talleres de estudio.<br \/>\n&#8211; Desarrollo de tem\u00e1ticas sociales.<br \/>\n&#8211; Inherencia en otras instituciones.<\/li>\n<\/ol>\n","protected":false},"excerpt":{"rendered":"<div class=\"mh-excerpt\"><p>Objetivo general Generar un espacio en el cual un grupo de adolescentes y j\u00f3venes pueda relacionarse entre s\u00ed de manera de reforzar sus sentimientos de seguridad emocional y pertenencia, v\u00ednculos que contribuir\u00e1n a la construcci\u00f3n <a class=\"mh-excerpt-more\" href=\"https:\/\/www.lugardelsol.org.ar\/index.php\/escuela-de-lideres-illihue\/el-proyecto\/\" title=\"El proyecto\">\u00a0<\/a><\/p>\n<\/div>","protected":false},"author":1,"featured_media":0,"parent":68,"menu_order":0,"comment_status":"closed","ping_status":"closed","template":"","meta":{"footnotes":""},"_links":{"self":[{"href":"https:\/\/www.lugardelsol.org.ar\/index.php\/wp-json\/wp\/v2\/pages\/82"}],"collection":[{"href":"https:\/\/www.lugardelsol.org.ar\/index.php\/wp-json\/wp\/v2\/pages"}],"about":[{"href":"https:\/\/www.lugardelsol.org.ar\/index.php\/wp-json\/wp\/v2\/types\/page"}],"author":[{"embeddable":true,"href":"https:\/\/www.lugardelsol.org.ar\/index.php\/wp-json\/wp\/v2\/users\/1"}],"replies":[{"embeddable":true,"href":"https:\/\/www.lugardelsol.org.ar\/index.php\/wp-json\/wp\/v2\/comments?post=82"}],"version-history":[{"count":1,"href":"https:\/\/www.lugardelsol.org.ar\/index.php\/wp-json\/wp\/v2\/pages\/82\/revisions"}],"predecessor-version":[{"id":83,"href":"https:\/\/www.lugardelsol.org.ar\/index.php\/wp-json\/wp\/v2\/pages\/82\/revisions\/83"}],"up":[{"embeddable":true,"href":"https:\/\/www.lugardelsol.org.ar\/index.php\/wp-json\/wp\/v2\/pages\/68"}],"wp:attachment":[{"href":"https:\/\/www.lugardelsol.org.ar\/index.php\/wp-json\/wp\/v2\/media?parent=82"}],"curies":[{"name":"wp","href":"https:\/\/api.w.org\/{rel}","templated":true}]}}