{"id":96,"date":"2018-05-21T18:00:15","date_gmt":"2018-05-21T18:00:15","guid":{"rendered":"http:\/\/www.lugardelsol.org.ar\/?page_id=96"},"modified":"2018-05-22T02:00:34","modified_gmt":"2018-05-22T02:00:34","slug":"actividades-educativas","status":"publish","type":"page","link":"https:\/\/www.lugardelsol.org.ar\/index.php\/actividades-educativas\/","title":{"rendered":"Actividades educativas"},"content":{"rendered":"<h3><img loading=\"lazy\" decoding=\"async\" class=\"wp-image-114 size-mh-magazine-content aligncenter\" src=\"http:\/\/www.lugardelsol.org.ar\/wp-content\/uploads\/2018\/05\/IMG_20170424_100103341-678x381.jpg\" alt=\"\" width=\"678\" height=\"381\" srcset=\"https:\/\/www.lugardelsol.org.ar\/wp-content\/uploads\/2018\/05\/IMG_20170424_100103341-678x381.jpg 678w, https:\/\/www.lugardelsol.org.ar\/wp-content\/uploads\/2018\/05\/IMG_20170424_100103341-300x169.jpg 300w, https:\/\/www.lugardelsol.org.ar\/wp-content\/uploads\/2018\/05\/IMG_20170424_100103341-768x432.jpg 768w, https:\/\/www.lugardelsol.org.ar\/wp-content\/uploads\/2018\/05\/IMG_20170424_100103341-1024x576.jpg 1024w\" sizes=\"(max-width: 678px) 100vw, 678px\" \/><\/h3>\n<h3><strong>Promoci\u00f3n y protecci\u00f3n de derechos de ni\u00f1os y adolescentes<\/strong><\/h3>\n<p>Ponencia Congreso de pol\u00edticas sociales 2007<\/p>\n<p><a href=\"http:\/\/www.lugardelsol.org.ar\/wp-content\/uploads\/2018\/05\/ponencia_poli_soc.doc\"><img loading=\"lazy\" decoding=\"async\" class=\"alignnone size-full wp-image-103\" src=\"http:\/\/www.lugardelsol.org.ar\/wp-content\/uploads\/2018\/05\/DOC.png\" alt=\"\" width=\"48\" height=\"48\" \/><\/a><\/p>\n<hr \/>\n<h3><\/h3>\n<h3><strong>Nuevos paradigmas en pol\u00edticas de infancia,\u00a0adolescencia y juventud<\/strong><\/h3>\n<p><a href=\"http:\/\/www.lugardelsol.org.ar\/wp-content\/uploads\/2018\/05\/nuevos_paradigmas.doc\"><img loading=\"lazy\" decoding=\"async\" class=\"alignnone size-full wp-image-103\" src=\"http:\/\/www.lugardelsol.org.ar\/wp-content\/uploads\/2018\/05\/DOC.png\" alt=\"\" width=\"48\" height=\"48\" \/><\/a><\/p>\n<hr \/>\n<h3><\/h3>\n<h3><strong>Formaci\u00f3n de formadores<\/strong><\/h3>\n<p>Formaci\u00f3n para educadores y promotores dedicados<br \/>\na la atenci\u00f3n de la infancia y la adolescencia en riesgo<\/p>\n<p><em><strong>Programa<\/strong><\/em><\/p>\n<p><a href=\"http:\/\/www.lugardelsol.org.ar\/wp-content\/uploads\/2018\/05\/form_educadores.doc\"><img loading=\"lazy\" decoding=\"async\" class=\"alignnone size-full wp-image-103\" src=\"http:\/\/www.lugardelsol.org.ar\/wp-content\/uploads\/2018\/05\/DOC.png\" alt=\"\" width=\"48\" height=\"48\" \/><\/a><\/p>\n<hr \/>\n<p><em><strong>Planilla de inscripci\u00f3n<\/strong><\/em><\/p>\n<p><a href=\"http:\/\/www.lugardelsol.org.ar\/wp-content\/uploads\/2018\/05\/form_educadores_planilla.doc\"><img loading=\"lazy\" decoding=\"async\" class=\"alignnone size-full wp-image-103\" src=\"http:\/\/www.lugardelsol.org.ar\/wp-content\/uploads\/2018\/05\/DOC.png\" alt=\"\" width=\"48\" height=\"48\" \/><\/a><\/p>\n<p>&nbsp;<\/p>\n","protected":false},"excerpt":{"rendered":"<div class=\"mh-excerpt\"><p>Promoci\u00f3n y protecci\u00f3n de derechos de ni\u00f1os y adolescentes Ponencia Congreso de pol\u00edticas sociales 2007 Nuevos paradigmas en pol\u00edticas de infancia,\u00a0adolescencia y juventud Formaci\u00f3n de formadores Formaci\u00f3n para educadores y promotores dedicados a la atenci\u00f3n <a class=\"mh-excerpt-more\" href=\"https:\/\/www.lugardelsol.org.ar\/index.php\/actividades-educativas\/\" title=\"Actividades educativas\">\u00a0<\/a><\/p>\n<\/div>","protected":false},"author":1,"featured_media":0,"parent":0,"menu_order":0,"comment_status":"closed","ping_status":"closed","template":"","meta":{"footnotes":""},"_links":{"self":[{"href":"https:\/\/www.lugardelsol.org.ar\/index.php\/wp-json\/wp\/v2\/pages\/96"}],"collection":[{"href":"https:\/\/www.lugardelsol.org.ar\/index.php\/wp-json\/wp\/v2\/pages"}],"about":[{"href":"https:\/\/www.lugardelsol.org.ar\/index.php\/wp-json\/wp\/v2\/types\/page"}],"author":[{"embeddable":true,"href":"https:\/\/www.lugardelsol.org.ar\/index.php\/wp-json\/wp\/v2\/users\/1"}],"replies":[{"embeddable":true,"href":"https:\/\/www.lugardelsol.org.ar\/index.php\/wp-json\/wp\/v2\/comments?post=96"}],"version-history":[{"count":11,"href":"https:\/\/www.lugardelsol.org.ar\/index.php\/wp-json\/wp\/v2\/pages\/96\/revisions"}],"predecessor-version":[{"id":115,"href":"https:\/\/www.lugardelsol.org.ar\/index.php\/wp-json\/wp\/v2\/pages\/96\/revisions\/115"}],"wp:attachment":[{"href":"https:\/\/www.lugardelsol.org.ar\/index.php\/wp-json\/wp\/v2\/media?parent=96"}],"curies":[{"name":"wp","href":"https:\/\/api.w.org\/{rel}","templated":true}]}}